{"id":199,"date":"2024-02-19T20:20:43","date_gmt":"2024-02-19T20:20:43","guid":{"rendered":"https:\/\/lucie.ulik.cz\/?page_id=199"},"modified":"2024-02-24T12:46:03","modified_gmt":"2024-02-24T12:46:03","slug":"interiery","status":"publish","type":"page","link":"https:\/\/lucie.ulik.cz\/?page_id=199","title":{"rendered":"Interi\u00e9ry"},"content":{"rendered":"\n<p>Interi\u00e9ry jsou pro mne civiln\u00ed sc\u00e9nografie. Ka\u017ed\u00fd d\u016fm, byt, kav\u00e1rna, obchod, \u0161kola, knihovna nebo ekocentrum, m\u00e1 sv\u016fj p\u0159\u00edb\u011bh, u\u017eivatele, \u00fa\u010del a pointu, kter\u00e1 se mus\u00ed dob\u0159e pojmenovat. Pr\u00e1ce s prostorem zahrnuje mnoho technick\u00fdch discipl\u00edn, mus\u00edm naj\u00edt v\u017edy funk\u010dn\u00ed \u0159e\u0161en\u00ed, kvalitn\u00ed materi\u00e1ly, kter\u00e9 budou dlouhodob\u011b slou\u017eit a barevn\u00e9 \u0159e\u0161en\u00ed a styl, kter\u00fd bude v souladu s p\u0159\u00e1n\u00edm zadavatele.<\/p>\n\n\n\n<p><a href=\"http:\/\/www.de-code.cz\/\" target=\"_blank\" rel=\"noreferrer noopener\">http:\/\/www.de-code.cz\/<\/a><\/p>\n","protected":false},"excerpt":{"rendered":"<p>Interi\u00e9ry jsou pro mne civiln\u00ed sc\u00e9nografie. Ka\u017ed\u00fd d\u016fm, byt, kav\u00e1rna, obchod, \u0161kola, knihovna nebo ekocentrum, m\u00e1 sv\u016fj p\u0159\u00edb\u011bh, u\u017eivatele, \u00fa\u010del a pointu, kter\u00e1 se mus\u00ed dob\u0159e pojmenovat. Pr\u00e1ce s prostorem zahrnuje mnoho technick\u00fdch discipl\u00edn, mus\u00edm naj\u00edt v\u017edy funk\u010dn\u00ed \u0159e\u0161en\u00ed, kvalitn\u00ed materi\u00e1ly, kter\u00e9 budou dlouhodob\u011b slou\u017eit a barevn\u00e9 \u0159e\u0161en\u00ed a styl, kter\u00fd bude v souladu s [&hellip;]<\/p>\n","protected":false},"author":1,"featured_media":0,"parent":0,"menu_order":0,"comment_status":"closed","ping_status":"closed","template":"","meta":{"footnotes":""},"class_list":["post-199","page","type-page","status-publish","hentry"],"_links":{"self":[{"href":"https:\/\/lucie.ulik.cz\/index.php?rest_route=\/wp\/v2\/pages\/199","targetHints":{"allow":["GET"]}}],"collection":[{"href":"https:\/\/lucie.ulik.cz\/index.php?rest_route=\/wp\/v2\/pages"}],"about":[{"href":"https:\/\/lucie.ulik.cz\/index.php?rest_route=\/wp\/v2\/types\/page"}],"author":[{"embeddable":true,"href":"https:\/\/lucie.ulik.cz\/index.php?rest_route=\/wp\/v2\/users\/1"}],"replies":[{"embeddable":true,"href":"https:\/\/lucie.ulik.cz\/index.php?rest_route=%2Fwp%2Fv2%2Fcomments&post=199"}],"version-history":[{"count":3,"href":"https:\/\/lucie.ulik.cz\/index.php?rest_route=\/wp\/v2\/pages\/199\/revisions"}],"predecessor-version":[{"id":209,"href":"https:\/\/lucie.ulik.cz\/index.php?rest_route=\/wp\/v2\/pages\/199\/revisions\/209"}],"wp:attachment":[{"href":"https:\/\/lucie.ulik.cz\/index.php?rest_route=%2Fwp%2Fv2%2Fmedia&parent=199"}],"curies":[{"name":"wp","href":"https:\/\/api.w.org\/{rel}","templated":true}]}}