{"id":10,"date":"2024-02-15T13:57:11","date_gmt":"2024-02-15T13:57:11","guid":{"rendered":"https:\/\/lucie.ulik.cz\/?page_id=10"},"modified":"2024-02-24T12:45:25","modified_gmt":"2024-02-24T12:45:25","slug":"filmy","status":"publish","type":"page","link":"https:\/\/lucie.ulik.cz\/?page_id=10","title":{"rendered":"Filmy"},"content":{"rendered":"\n<p>Do filmov\u00fdch projekt\u016f vstupuji v\u011bt\u0161inou jako v\u00fdtvarn\u00edk kost\u00fdm\u016f. Vytv\u00e1\u0159\u00edm vizu\u00e1ln\u00ed koncepci jednotliv\u00fdch postav, kdy se jejich skryt\u00e9 charakterov\u00e9 str\u00e1nky projev\u00ed i na detailech oble\u010den\u00ed. Postavy pot\u0159ebuj\u00ed c\u00edlen\u011b podpo\u0159it, zv\u00fdraznit svoji energii. Vtip a kontrast, kter\u00fd vznikne nen\u00ed mo\u017en\u00e1 hned patrn\u00fd, ale postava se pak st\u00e1v\u00e1 \u017eiv\u00e1 a p\u0159\u00edb\u011bh uv\u011b\u0159iteln\u00fd.<\/p>\n\n\n\n<figure class=\"wp-block-gallery has-nested-images columns-default is-cropped wp-block-gallery-1 is-layout-flex wp-block-gallery-is-layout-flex\">\n<figure class=\"wp-block-image size-large wp-duotone-grayscale\"><a href=\"https:\/\/bioillusion.cz\/projekt\/princezna-stokrat-jinak\/\" target=\"_blank\" rel=\"noreferrer noopener\"><img loading=\"lazy\" decoding=\"async\" width=\"400\" height=\"566\" data-id=\"13\" src=\"https:\/\/lucie.ulik.cz\/wp-content\/uploads\/2024\/02\/Princezna-.png\" alt=\"\" class=\"wp-image-13\" srcset=\"https:\/\/lucie.ulik.cz\/wp-content\/uploads\/2024\/02\/Princezna-.png 400w, https:\/\/lucie.ulik.cz\/wp-content\/uploads\/2024\/02\/Princezna--212x300.png 212w\" sizes=\"auto, (max-width: 400px) 100vw, 400px\" \/><\/a><\/figure>\n\n\n\n<figure class=\"wp-block-image size-large wp-duotone-grayscale\"><a href=\"https:\/\/bioillusion.cz\/projekt\/leto-s-evzenem\/\" target=\"_blank\" rel=\"noreferrer noopener\"><img loading=\"lazy\" decoding=\"async\" width=\"400\" height=\"566\" data-id=\"14\" src=\"https:\/\/lucie.ulik.cz\/wp-content\/uploads\/2024\/02\/Leto-s-Evzenem.jpeg\" alt=\"\" class=\"wp-image-14\" srcset=\"https:\/\/lucie.ulik.cz\/wp-content\/uploads\/2024\/02\/Leto-s-Evzenem.jpeg 400w, https:\/\/lucie.ulik.cz\/wp-content\/uploads\/2024\/02\/Leto-s-Evzenem-212x300.jpeg 212w\" sizes=\"auto, (max-width: 400px) 100vw, 400px\" \/><\/a><\/figure>\n\n\n\n<figure class=\"wp-block-image size-large wp-duotone-grayscale\"><a href=\"https:\/\/bioillusion.cz\/projekt\/za-vsim-hledej-zenu\/\" target=\"_blank\" rel=\"noreferrer noopener\"><img loading=\"lazy\" decoding=\"async\" width=\"400\" height=\"566\" data-id=\"15\" src=\"https:\/\/lucie.ulik.cz\/wp-content\/uploads\/2024\/02\/Za-vsim-hledej-zenu.jpeg\" alt=\"\" class=\"wp-image-15\" srcset=\"https:\/\/lucie.ulik.cz\/wp-content\/uploads\/2024\/02\/Za-vsim-hledej-zenu.jpeg 400w, https:\/\/lucie.ulik.cz\/wp-content\/uploads\/2024\/02\/Za-vsim-hledej-zenu-212x300.jpeg 212w\" sizes=\"auto, (max-width: 400px) 100vw, 400px\" \/><\/a><\/figure>\n\n\n\n<figure class=\"wp-block-image size-large wp-duotone-grayscale\"><a href=\"https:\/\/bioillusion.cz\/projekt\/pripad-mrtveho-neboztika\/\" target=\"_blank\" rel=\"noreferrer noopener\"><img loading=\"lazy\" decoding=\"async\" width=\"400\" height=\"566\" data-id=\"16\" src=\"https:\/\/lucie.ulik.cz\/wp-content\/uploads\/2024\/02\/Pripad-Mrtveho-neboztika.png\" alt=\"\" class=\"wp-image-16\" srcset=\"https:\/\/lucie.ulik.cz\/wp-content\/uploads\/2024\/02\/Pripad-Mrtveho-neboztika.png 400w, https:\/\/lucie.ulik.cz\/wp-content\/uploads\/2024\/02\/Pripad-Mrtveho-neboztika-212x300.png 212w\" sizes=\"auto, (max-width: 400px) 100vw, 400px\" \/><\/a><\/figure>\n\n\n\n<figure class=\"wp-block-image size-large wp-duotone-grayscale\"><a href=\"https:\/\/bioillusion.cz\/projekt\/miluji-te-modre\/\" target=\"_blank\" rel=\"noreferrer noopener\"><img loading=\"lazy\" decoding=\"async\" width=\"400\" height=\"566\" data-id=\"17\" src=\"https:\/\/lucie.ulik.cz\/wp-content\/uploads\/2024\/02\/milujute.jpeg\" alt=\"\" class=\"wp-image-17\" srcset=\"https:\/\/lucie.ulik.cz\/wp-content\/uploads\/2024\/02\/milujute.jpeg 400w, https:\/\/lucie.ulik.cz\/wp-content\/uploads\/2024\/02\/milujute-212x300.jpeg 212w\" sizes=\"auto, (max-width: 400px) 100vw, 400px\" \/><\/a><\/figure>\n\n\n\n<figure class=\"wp-block-image size-large wp-duotone-grayscale\"><a href=\"https:\/\/bioillusion.cz\/projekt\/jak-basnici-cekaji-na-zazrak\/\" target=\"_blank\" rel=\"noreferrer noopener\"><img loading=\"lazy\" decoding=\"async\" width=\"400\" height=\"566\" data-id=\"18\" src=\"https:\/\/lucie.ulik.cz\/wp-content\/uploads\/2024\/02\/basnici.jpeg\" alt=\"\" class=\"wp-image-18\" srcset=\"https:\/\/lucie.ulik.cz\/wp-content\/uploads\/2024\/02\/basnici.jpeg 400w, https:\/\/lucie.ulik.cz\/wp-content\/uploads\/2024\/02\/basnici-212x300.jpeg 212w\" sizes=\"auto, (max-width: 400px) 100vw, 400px\" \/><\/a><\/figure>\n\n\n\n<figure class=\"wp-block-image size-large wp-duotone-grayscale\"><a href=\"https:\/\/www.fenixfilm.cz\/cs\/13-realizovano\/61-strasidla\" target=\"_blank\" rel=\"noreferrer noopener\"><img loading=\"lazy\" decoding=\"async\" width=\"663\" height=\"928\" data-id=\"19\" src=\"https:\/\/lucie.ulik.cz\/wp-content\/uploads\/2024\/02\/strasidla-43c67c5a.jpeg\" alt=\"\" class=\"wp-image-19\" srcset=\"https:\/\/lucie.ulik.cz\/wp-content\/uploads\/2024\/02\/strasidla-43c67c5a.jpeg 663w, https:\/\/lucie.ulik.cz\/wp-content\/uploads\/2024\/02\/strasidla-43c67c5a-214x300.jpeg 214w\" sizes=\"auto, (max-width: 663px) 100vw, 663px\" \/><\/a><\/figure>\n\n\n\n<figure class=\"wp-block-image size-large wp-duotone-grayscale\"><a href=\"https:\/\/bioillusion.cz\/projekt\/celebrity-s-r-o\/\"><img loading=\"lazy\" decoding=\"async\" width=\"400\" height=\"566\" data-id=\"21\" src=\"https:\/\/lucie.ulik.cz\/wp-content\/uploads\/2024\/02\/celebrity.jpeg\" alt=\"\" class=\"wp-image-21\" srcset=\"https:\/\/lucie.ulik.cz\/wp-content\/uploads\/2024\/02\/celebrity.jpeg 400w, https:\/\/lucie.ulik.cz\/wp-content\/uploads\/2024\/02\/celebrity-212x300.jpeg 212w\" sizes=\"auto, (max-width: 400px) 100vw, 400px\" \/><\/a><\/figure>\n\n\n\n<figure class=\"wp-block-image size-large wp-duotone-grayscale\"><a href=\"https:\/\/bioillusion.cz\/projekt\/pojedeme-k-mori\/#projekt-o-filmu\" target=\"_blank\" rel=\"noreferrer noopener\"><img loading=\"lazy\" decoding=\"async\" width=\"400\" height=\"566\" data-id=\"20\" src=\"https:\/\/lucie.ulik.cz\/wp-content\/uploads\/2024\/02\/pojedemekmori.png\" alt=\"\" class=\"wp-image-20\" srcset=\"https:\/\/lucie.ulik.cz\/wp-content\/uploads\/2024\/02\/pojedemekmori.png 400w, https:\/\/lucie.ulik.cz\/wp-content\/uploads\/2024\/02\/pojedemekmori-212x300.png 212w\" sizes=\"auto, (max-width: 400px) 100vw, 400px\" \/><\/a><\/figure>\n\n\n\n<figure class=\"wp-block-image size-large wp-duotone-grayscale\"><a href=\"https:\/\/bioillusion.cz\/projekt\/probudim-se-vcera\/\" target=\"_blank\" rel=\"noreferrer noopener\"><img loading=\"lazy\" decoding=\"async\" width=\"400\" height=\"566\" data-id=\"22\" src=\"https:\/\/lucie.ulik.cz\/wp-content\/uploads\/2024\/02\/probudimse.jpeg\" alt=\"\" class=\"wp-image-22\" srcset=\"https:\/\/lucie.ulik.cz\/wp-content\/uploads\/2024\/02\/probudimse.jpeg 400w, https:\/\/lucie.ulik.cz\/wp-content\/uploads\/2024\/02\/probudimse-212x300.jpeg 212w\" sizes=\"auto, (max-width: 400px) 100vw, 400px\" \/><\/a><\/figure>\n\n\n\n<figure class=\"wp-block-image size-large wp-duotone-grayscale\"><a href=\"https:\/\/bioillusion.cz\/projekt\/rodinka-film-tv-serial\/\" target=\"_blank\" rel=\"noreferrer noopener\"><img loading=\"lazy\" decoding=\"async\" width=\"400\" height=\"566\" data-id=\"23\" src=\"https:\/\/lucie.ulik.cz\/wp-content\/uploads\/2024\/02\/rodinka.jpeg\" alt=\"\" class=\"wp-image-23\" srcset=\"https:\/\/lucie.ulik.cz\/wp-content\/uploads\/2024\/02\/rodinka.jpeg 400w, https:\/\/lucie.ulik.cz\/wp-content\/uploads\/2024\/02\/rodinka-212x300.jpeg 212w\" sizes=\"auto, (max-width: 400px) 100vw, 400px\" \/><\/a><\/figure>\n\n\n\n<figure class=\"wp-block-image size-large wp-duotone-grayscale\"><a href=\"https:\/\/bioillusion.cz\/projekt\/peklo-s-princeznou\/\" target=\"_blank\" rel=\"noreferrer noopener\"><img loading=\"lazy\" decoding=\"async\" width=\"400\" height=\"566\" data-id=\"24\" src=\"https:\/\/lucie.ulik.cz\/wp-content\/uploads\/2024\/02\/peklosprinceznou.jpeg\" alt=\"\" class=\"wp-image-24\" srcset=\"https:\/\/lucie.ulik.cz\/wp-content\/uploads\/2024\/02\/peklosprinceznou.jpeg 400w, https:\/\/lucie.ulik.cz\/wp-content\/uploads\/2024\/02\/peklosprinceznou-212x300.jpeg 212w\" sizes=\"auto, (max-width: 400px) 100vw, 400px\" \/><\/a><\/figure>\n<\/figure>\n","protected":false},"excerpt":{"rendered":"<p>Do filmov\u00fdch projekt\u016f vstupuji v\u011bt\u0161inou jako v\u00fdtvarn\u00edk kost\u00fdm\u016f. Vytv\u00e1\u0159\u00edm vizu\u00e1ln\u00ed koncepci jednotliv\u00fdch postav, kdy se jejich skryt\u00e9 charakterov\u00e9 str\u00e1nky projev\u00ed i na detailech oble\u010den\u00ed. Postavy pot\u0159ebuj\u00ed c\u00edlen\u011b podpo\u0159it, zv\u00fdraznit svoji energii. Vtip a kontrast, kter\u00fd vznikne nen\u00ed mo\u017en\u00e1 hned patrn\u00fd, ale postava se pak st\u00e1v\u00e1 \u017eiv\u00e1 a p\u0159\u00edb\u011bh uv\u011b\u0159iteln\u00fd.<\/p>\n","protected":false},"author":1,"featured_media":0,"parent":0,"menu_order":0,"comment_status":"closed","ping_status":"closed","template":"","meta":{"footnotes":""},"class_list":["post-10","page","type-page","status-publish","hentry"],"_links":{"self":[{"href":"https:\/\/lucie.ulik.cz\/index.php?rest_route=\/wp\/v2\/pages\/10","targetHints":{"allow":["GET"]}}],"collection":[{"href":"https:\/\/lucie.ulik.cz\/index.php?rest_route=\/wp\/v2\/pages"}],"about":[{"href":"https:\/\/lucie.ulik.cz\/index.php?rest_route=\/wp\/v2\/types\/page"}],"author":[{"embeddable":true,"href":"https:\/\/lucie.ulik.cz\/index.php?rest_route=\/wp\/v2\/users\/1"}],"replies":[{"embeddable":true,"href":"https:\/\/lucie.ulik.cz\/index.php?rest_route=%2Fwp%2Fv2%2Fcomments&post=10"}],"version-history":[{"count":8,"href":"https:\/\/lucie.ulik.cz\/index.php?rest_route=\/wp\/v2\/pages\/10\/revisions"}],"predecessor-version":[{"id":207,"href":"https:\/\/lucie.ulik.cz\/index.php?rest_route=\/wp\/v2\/pages\/10\/revisions\/207"}],"wp:attachment":[{"href":"https:\/\/lucie.ulik.cz\/index.php?rest_route=%2Fwp%2Fv2%2Fmedia&parent=10"}],"curies":[{"name":"wp","href":"https:\/\/api.w.org\/{rel}","templated":true}]}}